{"id":2,"date":"2017-07-20T13:06:49","date_gmt":"2017-07-20T11:06:49","guid":{"rendered":"http:\/\/tbs.grajewo.pl\/?page_id=2"},"modified":"2026-02-11T10:11:01","modified_gmt":"2026-02-11T09:11:01","slug":"przykladowa-strona","status":"publish","type":"page","link":"https:\/\/tbs.grajewo.pl\/","title":{"rendered":"O sp\u00f3\u0142ce"},"content":{"rendered":"\n<p><strong>Pe\u0142na nazwa Sp\u00f3\u0142ki:<\/strong><br> Towarzystwo Budownictwa Spo\u0142ecznego Sp\u00f3\u0142ka z ograniczon\u0105 odpowiedzialno\u015bci\u0105 w Grajewie<\/p>\n\n\n\n<p><strong>Nazwa skr\u00f3cona:<\/strong><br>\nTBS Sp. z o. o. w Grajewie<\/p>\n\n\n\n<p><strong>Siedziba i adres:<\/strong><br>\n19-200 Grajewo, ul. Konstytucji 3 Maja 27<\/p>\n\n\n\n<p><strong>Wpisy do rejestr\u00f3w:<\/strong><br>\nKRS (Rejestr Przedsi\u0119biorc\u00f3w) nr 0000030421<br>\nS\u0105d Rejonowy w Bia\u0142ymstoku, XII Wydzia\u0142 Gospodarczy Krajowego Rejestru S\u0105dowego<\/p>\n\n\n\n<p><strong>REGON: 450711988, NIP: 7191387142<\/strong><\/p>\n\n\n\n<p><strong>Kapita\u0142 zak\u0142adowy: <\/strong>13 562 000,00 z\u0142<\/p>\n\n\n\n<p><strong>Pozosta\u0142e informacje:<\/strong><br>\nSp\u00f3\u0142k\u0119 reprezentuje na zewn\u0105trz jednoosobowo Prezes Zarz\u0105du.<\/p>\n\n\n\n<p>Jedynym wsp\u00f3lnikiem jest Gmina Miejska Grajewo.<\/p>\n\n\n\n<hr class=\"wp-block-separator has-alpha-channel-opacity\"\/>\n\n\n\n<p><strong>Przedmiot dzia\u0142alno\u015bci<\/strong><\/p>\n\n\n\n<p>Przedmiotem dzia\u0142alno\u015bci sp\u00f3\u0142ki jest budowanie dom\u00f3w mieszkalnych i ich eksploatacja na zasadach najmu. Sp\u00f3\u0142ka mo\u017ce r\u00f3wnie\u017c:<\/p>\n\n\n\n<ul class=\"wp-block-list\">\n<li>nabywa\u0107 budynki mieszkalne,<\/li>\n\n\n\n<li>przeprowadza\u0107 remonty i modernizacj\u0119 obiekt\u00f3w przeznaczonych na zaspokajanie potrzeb mieszkaniowych na zasadach najmu,<\/li>\n\n\n\n<li>wynajmowa\u0107 lokale u\u017cytkowe znajduj\u0105ce si\u0119 w budynkach sp\u00f3\u0142ki,<\/li>\n\n\n\n<li>sprawowa\u0107 na podstawie um\u00f3w zlecenia zarz\u0105d budynkami mieszkalnymi i niemieszkalnymi niestanowi\u0105cymi jego w\u0142asno\u015bci, z tym \u017ce powierzchnia zarz\u0105dzanych budynk\u00f3w niemieszkalnych nie mo\u017ce by\u0107 wi\u0119ksza ni\u017c powierzchnia zarz\u0105dzanych budynk\u00f3w mieszkalnych,<\/li>\n\n\n\n<li>prowadzi\u0107 inn\u0105 dzia\u0142alno\u015b\u0107 zwi\u0105zan\u0105 z budownictwem mieszkaniowym i infrastruktur\u0105 towarzysz\u0105c\u0105 polegaj\u0105c\u0105 na:<\/li>\n<\/ul>\n\n\n\n<p>a) sprawowaniu funkcji inwestora zast\u0119pczego w zakresie inwestycji mieszkaniowych oraz infrastruktury zwi\u0105zanej z budownictwem mieszkaniowym,<\/p>\n\n\n\n<p>b) budowaniu budynk\u00f3w wielorodzinnych oraz dom\u00f3w jednorodzinnych ze \u015brodk\u00f3w przysz\u0142ych w\u0142a\u015bcicieli,<\/p>\n\n\n\n<p>c) budowaniu budowli i urz\u0105dze\u0144 infrastruktury technicznej zwi\u0105zanych z funkcjonowaniem zasobu mieszkaniowego,<\/p>\n\n\n\n<p>d) prowadzeniu remont\u00f3w i modernizacji dom\u00f3w mieszkalnych nie b\u0119d\u0105cych w\u0142asno\u015bci\u0105 sp\u00f3\u0142ki.<\/p>\n\n\n\n<hr class=\"wp-block-separator has-alpha-channel-opacity\"\/>\n\n\n\n<p><strong>Organy sp\u00f3\u0142ki<\/strong><\/p>\n\n\n\n<p><em><strong>Zarz\u0105d jednoosobowy:<\/strong><\/em><br>\nTomasz Str\u00f3zik&nbsp; &#8211;&nbsp; Prezes Zarz\u0105du<\/p>\n\n\n\n<div id=\"block-system-main\" class=\"block block-system\">\n<div class=\"content\">\n<div id=\"node-42\" class=\"node node-page clearfix\">\n<div class=\"content\">\n<div class=\"field field-name-field-tresc-glowna field-type-text-long field-label-hidden\">\n<div class=\"field-items\">\n<div class=\"field-item even\">\n<p><em><strong>Rada Nadzorcza:<\/strong><\/em><br>\nAdriana Chrzanowska-Buzon &#8211; Przewodnicz\u0105ca Rady Nadzorczej<br>\nKatarzyna Kowalczuk &#8211; Cz\u0142onek Rady Nadzorczej<br>\nMarek Mieczkowski &#8211; Cz\u0142onek Rady Nadzorczej<\/p>\n<p><em><strong>Zgromadzenie Wsp\u00f3lnik\u00f3w:<\/strong><\/em><br>\nMaciej Pawe\u0142 Bednarko &#8211; Burmistrz Miasta Grajewo<\/p>\n<\/div>\n<\/div>\n<\/div>\n<\/div>\n<\/div>\n<\/div>\n<\/div>\n\n\n\n<p><span style=\"color: #333399;\"><strong>Pozosta\u0142e informacje:<\/strong><\/span><br>Sp\u00f3\u0142k\u0119 reprezentuje na zewn\u0105trz jednoosobowo Prezes Zarz\u0105du. Jedynym wsp\u00f3lnikiem jest Gmina Miejska Grajewo.<\/p>\n\n\n\n<p>www.tbs.grajewo.pl<br> tel. 608 017 440<br> e-mail: <a href=\"mailto:biuro@tbs.grajewo.pl\">biuro@tbs.grajewo.pl<\/a><\/p>\n","protected":false},"excerpt":{"rendered":"<p>Pe\u0142na nazwa Sp\u00f3\u0142ki: Towarzystwo Budownictwa Spo\u0142ecznego Sp\u00f3\u0142ka z ograniczon\u0105 odpowiedzialno\u015bci\u0105 w Grajewie Nazwa skr\u00f3cona: TBS Sp. z o. o. w Grajewie Siedziba i adres: 19-200 Grajewo, ul. Konstytucji 3 Maja 27 Wpisy do rejestr\u00f3w: KRS (Rejestr Przedsi\u0119biorc\u00f3w) nr 0000030421 S\u0105d Rejonowy w Bia\u0142ymstoku, XII Wydzia\u0142 Gospodarczy Krajowego Rejestru S\u0105dowego REGON: 450711988, NIP: 7191387142 Kapita\u0142 zak\u0142adowy: &hellip; <\/p>\n<p class=\"link-more\"><a href=\"https:\/\/tbs.grajewo.pl\/\" class=\"more-link\">Czytaj dalej<span class=\"screen-reader-text\"> \u201eO sp\u00f3\u0142ce\u201d<\/span><\/a><\/p>\n","protected":false},"author":1,"featured_media":0,"parent":0,"menu_order":0,"comment_status":"closed","ping_status":"open","template":"","meta":{"footnotes":""},"class_list":["post-2","page","type-page","status-publish","hentry"],"_links":{"self":[{"href":"https:\/\/tbs.grajewo.pl\/index.php?rest_route=\/wp\/v2\/pages\/2","targetHints":{"allow":["GET"]}}],"collection":[{"href":"https:\/\/tbs.grajewo.pl\/index.php?rest_route=\/wp\/v2\/pages"}],"about":[{"href":"https:\/\/tbs.grajewo.pl\/index.php?rest_route=\/wp\/v2\/types\/page"}],"author":[{"embeddable":true,"href":"https:\/\/tbs.grajewo.pl\/index.php?rest_route=\/wp\/v2\/users\/1"}],"replies":[{"embeddable":true,"href":"https:\/\/tbs.grajewo.pl\/index.php?rest_route=%2Fwp%2Fv2%2Fcomments&post=2"}],"version-history":[{"count":16,"href":"https:\/\/tbs.grajewo.pl\/index.php?rest_route=\/wp\/v2\/pages\/2\/revisions"}],"predecessor-version":[{"id":738,"href":"https:\/\/tbs.grajewo.pl\/index.php?rest_route=\/wp\/v2\/pages\/2\/revisions\/738"}],"wp:attachment":[{"href":"https:\/\/tbs.grajewo.pl\/index.php?rest_route=%2Fwp%2Fv2%2Fmedia&parent=2"}],"curies":[{"name":"wp","href":"https:\/\/api.w.org\/{rel}","templated":true}]}}